{"id":95,"date":"2015-03-09T22:05:49","date_gmt":"2015-03-09T22:05:49","guid":{"rendered":"http:\/\/www.edv-beratung-hartmann.de\/WP\/?page_id=95"},"modified":"2016-04-01T19:38:55","modified_gmt":"2016-04-01T19:38:55","slug":"home","status":"publish","type":"page","link":"https:\/\/www.edv-beratung-hartmann.de\/WP\/","title":{"rendered":"Home"},"content":{"rendered":"<p>Herzlich Willkommen auf der Internetseite der EDV-Beratung Hartmann.<\/p>\n<p>Die EDV-Beratung Hartmann ist ein Dienstleistungsunternehmen f\u00fcr Finanz- und Personalwesen Software. Als Zertifizierter Value Added Reseller (VAR) Vertriebspartner der Infor Deutschland GmbH (Varial Team) liegt unsere T\u00e4tigkeit in der Vermarktung, Schulung und Betreuung unserer Software Produkte. Dabei legen wir hohen Wert auf kompetente und kundenorientierte Betreuung, sowie auf eine erfolgreiche und langfristige Kundenbeziehung.<\/p>\n<p>Auch ERP-Produkte unseres Partners Infor Deutschland GmbH erg\u00e4nzen unsere Produktpalette.<\/p>\n<p>Unsere Internetseite bietet Ihnen Informationen zu unserem Unternehmen und unseren Softwarel\u00f6sungen f\u00fcr das Finanz- und Personalwesen.<\/p>\n<p>Wir pr\u00e4sentieren Ihnen gerne unverbindlich unsere Softwarel\u00f6sungen bei Ihnen vor Ort oder auch per Fernwartung.<\/p>\n<p>Gerne stehen wir Ihnen auch pers\u00f6nlich f\u00fcr alle Fragen zur Verf\u00fcgung.\u00a0Rufen Sie uns an, kontaktieren Sie uns \u00fcber unser Kontaktformular oder schicken Sie uns eine Email.<\/p>\n<p>Wir freuen uns auf Sie.<\/p>\n","protected":false},"excerpt":{"rendered":"<p>Herzlich Willkommen auf der Internetseite der EDV-Beratung Hartmann. Die EDV-Beratung Hartmann ist ein Dienstleistungsunternehmen f\u00fcr Finanz- und Personalwesen Software. Als Zertifizierter Value Added Reseller (VAR) Vertriebspartner der Infor Deutschland GmbH (Varial Team) liegt unsere T\u00e4tigkeit in der Vermarktung, Schulung und Betreuung unserer Software Produkte. Dabei legen wir hohen Wert auf kompetente und kundenorientierte Betreuung, sowie [&hellip;]<\/p>\n","protected":false},"author":1,"featured_media":0,"parent":0,"menu_order":1,"comment_status":"closed","ping_status":"closed","template":"","meta":[],"_links":{"self":[{"href":"https:\/\/www.edv-beratung-hartmann.de\/WP\/index.php?rest_route=\/wp\/v2\/pages\/95"}],"collection":[{"href":"https:\/\/www.edv-beratung-hartmann.de\/WP\/index.php?rest_route=\/wp\/v2\/pages"}],"about":[{"href":"https:\/\/www.edv-beratung-hartmann.de\/WP\/index.php?rest_route=\/wp\/v2\/types\/page"}],"author":[{"embeddable":true,"href":"https:\/\/www.edv-beratung-hartmann.de\/WP\/index.php?rest_route=\/wp\/v2\/users\/1"}],"replies":[{"embeddable":true,"href":"https:\/\/www.edv-beratung-hartmann.de\/WP\/index.php?rest_route=%2Fwp%2Fv2%2Fcomments&post=95"}],"version-history":[{"count":12,"href":"https:\/\/www.edv-beratung-hartmann.de\/WP\/index.php?rest_route=\/wp\/v2\/pages\/95\/revisions"}],"predecessor-version":[{"id":418,"href":"https:\/\/www.edv-beratung-hartmann.de\/WP\/index.php?rest_route=\/wp\/v2\/pages\/95\/revisions\/418"}],"wp:attachment":[{"href":"https:\/\/www.edv-beratung-hartmann.de\/WP\/index.php?rest_route=%2Fwp%2Fv2%2Fmedia&parent=95"}],"curies":[{"name":"wp","href":"https:\/\/api.w.org\/{rel}","templated":true}]}}