{"id":8,"date":"2015-01-08T22:22:18","date_gmt":"2015-01-08T22:22:18","guid":{"rendered":"http:\/\/www.edv-beratung-hartmann.de\/WP\/?page_id=8"},"modified":"2015-05-11T11:01:44","modified_gmt":"2015-05-11T11:01:44","slug":"impressum","status":"publish","type":"page","link":"https:\/\/www.edv-beratung-hartmann.de\/WP\/?page_id=8","title":{"rendered":"Impressum"},"content":{"rendered":"<div class=\"inhalt\">EDV-Beratung Hartmann<\/div>\n<div class=\"inhalt\">Johannes-Mechtel Strasse 3b<\/div>\n<div class=\"inhalt\">D-65549 Limburg<\/div>\n<div class=\"inhalt\"><span style=\"color: #ffffff;\">.<\/span><\/div>\n<div class=\"inhalt\">Tel.:\u00a0 + 49 (0) 6431 &#8211; 47575<\/div>\n<div class=\"inhalt\">Fax:\u00a0 + 49 (0) 6431 &#8211; 44487<br \/>\n<span style=\"color: #ffffff;\">.<br \/>\n<\/span>Inhaber: Helmut Hartmann<\/div>\n<div class=\"inhalt\"><span style=\"color: #ffffff;\">.<\/span><\/div>\n<div class=\"inhalt\">Mail: \u00a0<span style=\"color: #3366ff;\"><a style=\"color: #3366ff;\" href=\"mailto:info@edv-beratung-hartmann.de\" target=\"_blank\">info@edv-beratung-hartmann.de<\/a><\/span><br \/>\nWeb:\u00a0 <span style=\"color: #3366ff;\"><a style=\"color: #3366ff;\" href=\"https:\/\/www.edv-beratung-hartmann.de\" target=\"_blank\">www.edv-beratung-hartmann.de<\/a><\/span><\/div>\n<div class=\"inhalt\"><span style=\"color: #ffffff;\">.<\/span><\/div>\n<div class=\"inhalt\">Umsatzsteuer-ID-Nr. DE 113 259 390<\/div>\n<div class=\"inhalt\">Steuer-Nr: 030\/825\/00496<\/div>\n<div class=\"inhalt\">L\u00e4nderschl\u00fcssel: 26 (Hessen)<\/div>\n<div class=\"inhalt\"><\/div>\n<div class=\"inhalt\"><span style=\"color: #ffffff;\">.<\/span><\/div>\n<div class=\"inhalt\"><span style=\"color: #ffffff;\">.<\/span><\/div>\n<div class=\"inhalt\"><span style=\"text-decoration: underline;\"><span style=\"color: #ffffff; text-decoration: underline;\">.<\/span><\/span><\/div>\n<div class=\"inhalt\">\n<p><span style=\"text-decoration: underline;\">Haftungshinweis<\/span><\/p>\n<\/div>\n<div class=\"inhalt\"><\/div>\n<div class=\"inhalt\">Die Zusammenstellung der Informationen auf unserer Homepage geschieht mit gro\u00dfer Sorgfalt, dennoch kann die EDV-Beratung Hartmann nicht f\u00fcr die Korrektheit der Inhalte garantieren. F\u00fcr Sch\u00e4den die durch die Nutzung der Homepage entstehen, seien es direkte oder indirekte Sch\u00e4den, Folgesch\u00e4den oder Sondersch\u00e4den oder Sch\u00e4den die aus dem Verlust von Daten entstehen, kann die EDV-Beratung Hartmann nicht verantwortlich gemacht werden. Aktualisieren und \u00c4nderungen der Informationen werden ohne vorherige Ank\u00fcndigung durchgef\u00fchrt. Die EDV-Beratung Hartmann kann keine Gew\u00e4hrleistung f\u00fcr die Korrektheit und Vollst\u00e4ndigkeit der Informationen auf die eventuell aufgef\u00fchrten Verweise auf andere Internetseiten \u00fcbernehmen und schlie\u00dft daher jegliche Haftung aus.<\/div>\n<div class=\"inhalt\">\n<p><span style=\"color: #ffffff;\"><b>.<\/b><\/span><\/p>\n<p><b><br \/>\n<\/b><span style=\"text-decoration: underline;\">Rechtliche Hinweise<\/span><\/p>\n<p>Mit Urteil vom 12. Mai 1998 hat das Landgericht Hamburg entschieden, dass man durch die Ausbringung eines Links die Inhalte der gelinkten Seite ggf. mit zu verantworten hat. Dies kann &#8211; so das LG &#8211; nur dadurch verhindert werden, dass man sich ausdr\u00fccklich von diesen Inhalten distanziert.<\/p>\n<p>F\u00fcr die Links zu anderen Internetseiten gilt:<br \/>\nWir m\u00f6chten klarstellen, dass wir keinerlei Einfluss auf die Gestaltung und die Inhalte der gelinkten Seiten haben. Deshalb distanzieren wir uns hiermit ausdr\u00fccklich von allen Inhalten aller gelinkten Seiten auf unserer Homepage und machen uns ihre Inhalte nicht zu eigen. Diese Erkl\u00e4rung gilt f\u00fcr alle auf unserer Homepage ausgebrachten Links und deren Inhalte.<\/p>\n<\/div>\n","protected":false},"excerpt":{"rendered":"<p>EDV-Beratung Hartmann Johannes-Mechtel Strasse 3b D-65549 Limburg . Tel.:\u00a0 + 49 (0) 6431 &#8211; 47575 Fax:\u00a0 + 49 (0) 6431 &#8211; 44487 . Inhaber: Helmut Hartmann . Mail: \u00a0info@edv-beratung-hartmann.de Web:\u00a0 www.edv-beratung-hartmann.de . Umsatzsteuer-ID-Nr. DE 113 259 390 Steuer-Nr: 030\/825\/00496 L\u00e4nderschl\u00fcssel: 26 (Hessen) . . . Haftungshinweis Die Zusammenstellung der Informationen auf unserer Homepage geschieht mit [&hellip;]<\/p>\n","protected":false},"author":1,"featured_media":0,"parent":0,"menu_order":6,"comment_status":"closed","ping_status":"open","template":"","meta":[],"_links":{"self":[{"href":"https:\/\/www.edv-beratung-hartmann.de\/WP\/index.php?rest_route=\/wp\/v2\/pages\/8"}],"collection":[{"href":"https:\/\/www.edv-beratung-hartmann.de\/WP\/index.php?rest_route=\/wp\/v2\/pages"}],"about":[{"href":"https:\/\/www.edv-beratung-hartmann.de\/WP\/index.php?rest_route=\/wp\/v2\/types\/page"}],"author":[{"embeddable":true,"href":"https:\/\/www.edv-beratung-hartmann.de\/WP\/index.php?rest_route=\/wp\/v2\/users\/1"}],"replies":[{"embeddable":true,"href":"https:\/\/www.edv-beratung-hartmann.de\/WP\/index.php?rest_route=%2Fwp%2Fv2%2Fcomments&post=8"}],"version-history":[{"count":42,"href":"https:\/\/www.edv-beratung-hartmann.de\/WP\/index.php?rest_route=\/wp\/v2\/pages\/8\/revisions"}],"predecessor-version":[{"id":404,"href":"https:\/\/www.edv-beratung-hartmann.de\/WP\/index.php?rest_route=\/wp\/v2\/pages\/8\/revisions\/404"}],"wp:attachment":[{"href":"https:\/\/www.edv-beratung-hartmann.de\/WP\/index.php?rest_route=%2Fwp%2Fv2%2Fmedia&parent=8"}],"curies":[{"name":"wp","href":"https:\/\/api.w.org\/{rel}","templated":true}]}}