{"id":68,"date":"2015-03-09T20:47:37","date_gmt":"2015-03-09T20:47:37","guid":{"rendered":"http:\/\/www.edv-beratung-hartmann.de\/WP\/?page_id=68"},"modified":"2016-04-01T19:49:46","modified_gmt":"2016-04-01T19:49:46","slug":"unternehmen","status":"publish","type":"page","link":"https:\/\/www.edv-beratung-hartmann.de\/WP\/?page_id=68","title":{"rendered":"Unternehmen"},"content":{"rendered":"<p>Die EDV-Beratung Hartmann ist seit 1986 im erweiterten Rhein-Main Gebiet pr\u00e4sent und im Markt f\u00fcr Software- und Softwaredienstleistungen aktiv. Vertrieben werden haupts\u00e4chlich Softwareprodukte der Infor Deutschland GmbH (Team Varial), Siegen deren Value Added Reseller (VAR) Vertriebspartner wir auch sind.<\/p>\n<div class=\"inhalt\">\n<div class=\"text\">\n<p>Die Softwareprodukte, welche wir vertreiben, sind im wesentlichen f\u00fcr das betriebliche Finanz- und Personalwesen konzipiert. Aber auch ERP-L\u00f6sungen runden die Produktpalette ab.<br \/>\nRund 5000 zufriedene Anwender in Deutschland und im europ\u00e4ischen Ausland bauen derzeit auf unsere Software.<\/p>\n<p>Um potenziellen Neuen Kunden einen relativ leichten \u00fcbergang von ihrem &#8222;Altsystem&#8220; auf die Varial Software f\u00fcr das betriebliche Finanz- und Personalwesen zu erleichtern (oder erst zu erm\u00f6glichen) verf\u00fcgen wir \u00fcber ein standardisiertes Daten-Konvertierungs-System mit Hilfe dessen die Daten des &#8222;Altsystems&#8220; gelesen, interpretiert und in die Import-Schnittstelle der Varial Software \u00fcbergeben werden. Auch unterschiedliche Anbindungen an z.B. ERP- oder Archivierungssystemen stehen zur Verf\u00fcgung.<\/p>\n<\/div>\n<\/div>\n","protected":false},"excerpt":{"rendered":"<p>Die EDV-Beratung Hartmann ist seit 1986 im erweiterten Rhein-Main Gebiet pr\u00e4sent und im Markt f\u00fcr Software- und Softwaredienstleistungen aktiv. Vertrieben werden haupts\u00e4chlich Softwareprodukte der Infor Deutschland GmbH (Team Varial), Siegen deren Value Added Reseller (VAR) Vertriebspartner wir auch sind. Die Softwareprodukte, welche wir vertreiben, sind im wesentlichen f\u00fcr das betriebliche Finanz- und Personalwesen konzipiert. Aber [&hellip;]<\/p>\n","protected":false},"author":1,"featured_media":0,"parent":0,"menu_order":2,"comment_status":"closed","ping_status":"closed","template":"","meta":[],"_links":{"self":[{"href":"https:\/\/www.edv-beratung-hartmann.de\/WP\/index.php?rest_route=\/wp\/v2\/pages\/68"}],"collection":[{"href":"https:\/\/www.edv-beratung-hartmann.de\/WP\/index.php?rest_route=\/wp\/v2\/pages"}],"about":[{"href":"https:\/\/www.edv-beratung-hartmann.de\/WP\/index.php?rest_route=\/wp\/v2\/types\/page"}],"author":[{"embeddable":true,"href":"https:\/\/www.edv-beratung-hartmann.de\/WP\/index.php?rest_route=\/wp\/v2\/users\/1"}],"replies":[{"embeddable":true,"href":"https:\/\/www.edv-beratung-hartmann.de\/WP\/index.php?rest_route=%2Fwp%2Fv2%2Fcomments&post=68"}],"version-history":[{"count":10,"href":"https:\/\/www.edv-beratung-hartmann.de\/WP\/index.php?rest_route=\/wp\/v2\/pages\/68\/revisions"}],"predecessor-version":[{"id":421,"href":"https:\/\/www.edv-beratung-hartmann.de\/WP\/index.php?rest_route=\/wp\/v2\/pages\/68\/revisions\/421"}],"wp:attachment":[{"href":"https:\/\/www.edv-beratung-hartmann.de\/WP\/index.php?rest_route=%2Fwp%2Fv2%2Fmedia&parent=68"}],"curies":[{"name":"wp","href":"https:\/\/api.w.org\/{rel}","templated":true}]}}