{"id":6,"date":"2015-01-08T22:22:06","date_gmt":"2015-01-08T22:22:06","guid":{"rendered":"http:\/\/www.edv-beratung-hartmann.de\/WP\/?page_id=6"},"modified":"2015-04-16T07:38:55","modified_gmt":"2015-04-16T07:38:55","slug":"kontakt","status":"publish","type":"page","link":"https:\/\/www.edv-beratung-hartmann.de\/WP\/?page_id=6","title":{"rendered":"Kontakt"},"content":{"rendered":"<div class=\"inhalt\">EDV-Beratung Hartmann<\/div>\n<div class=\"inhalt\">Johannes-Mechtel Strasse 3b<\/div>\n<div class=\"inhalt\">D-65549 Limburg<\/div>\n<p class=\"inhalt\">\n<div class=\"inhalt\">Tel.:\u00a0 + 49 (0) 6431 \u2013 47575<br \/>\nFax:\u00a0 + 49 (0) 6431 \u2013 44487<\/div>\n<p>&nbsp;<\/p>\n<p class=\"inhalt\"><strong>Kontaktformular<\/strong><\/p>\n<p>Haben Sie Fragen oder W\u00fcnsche? \u00dcber Ihre Kontaktaufnahme freuen wir uns.<\/p>\n<p>Bitte f\u00fcllen Sie die folgenden Felder aus.<br \/>\nSobald wir Ihre Nachricht erhalten haben, melden wir uns bei Ihnen.<\/p>\n<p>Vielen Dank.<\/p>\n<p>&nbsp;<\/p>\n<div role=\"form\" class=\"wpcf7\" id=\"wpcf7-f35-o1\" lang=\"de-DE\" dir=\"ltr\">\n<div class=\"screen-reader-response\"><p role=\"status\" aria-live=\"polite\" aria-atomic=\"true\"><\/p> <ul><\/ul><\/div>\n<form action=\"\/WP\/index.php?rest_route=%2Fwp%2Fv2%2Fpages%2F6#wpcf7-f35-o1\" method=\"post\" class=\"wpcf7-form init\" novalidate=\"novalidate\" data-status=\"init\">\n<div style=\"display: none;\">\n<input type=\"hidden\" name=\"_wpcf7\" value=\"35\" \/>\n<input type=\"hidden\" name=\"_wpcf7_version\" value=\"5.5.6.1\" \/>\n<input type=\"hidden\" name=\"_wpcf7_locale\" value=\"de_DE\" \/>\n<input type=\"hidden\" name=\"_wpcf7_unit_tag\" value=\"wpcf7-f35-o1\" \/>\n<input type=\"hidden\" name=\"_wpcf7_container_post\" value=\"0\" \/>\n<input type=\"hidden\" name=\"_wpcf7_posted_data_hash\" value=\"\" \/>\n<\/div>\n<p><span class=\"wpcf7-form-control-wrap Anrede\"><span class=\"wpcf7-form-control wpcf7-checkbox wpcf7-validates-as-required wpcf7-exclusive-checkbox\"><span class=\"wpcf7-list-item first\"><input type=\"checkbox\" name=\"Anrede\" value=\"Frau\" \/><span class=\"wpcf7-list-item-label\">Frau<\/span><\/span><span class=\"wpcf7-list-item last\"><input type=\"checkbox\" name=\"Anrede\" value=\"Herr\" \/><span class=\"wpcf7-list-item-label\">Herr<\/span><\/span><\/span><\/span><\/p>\n<p>Ihr Vorname (Pflichtfeld)<br \/>\n    <span class=\"wpcf7-form-control-wrap your-name\"><input type=\"text\" name=\"your-name\" value=\"\" size=\"40\" class=\"wpcf7-form-control wpcf7-text wpcf7-validates-as-required\" aria-required=\"true\" aria-invalid=\"false\" \/><\/span> <\/p>\n<p>Ihr Nachname(Pflichtfeld)<br \/>\n    <span class=\"wpcf7-form-control-wrap your-name\"><input type=\"text\" name=\"your-name\" value=\"\" size=\"40\" class=\"wpcf7-form-control wpcf7-text wpcf7-validates-as-required\" aria-required=\"true\" aria-invalid=\"false\" \/><\/span> <\/p>\n<p>Firma (Pflichtfeld)<br \/>\n    <span class=\"wpcf7-form-control-wrap your-name\"><input type=\"text\" name=\"your-name\" value=\"\" size=\"40\" class=\"wpcf7-form-control wpcf7-text wpcf7-validates-as-required\" aria-required=\"true\" aria-invalid=\"false\" \/><\/span> <\/p>\n<p>Ihre E-Mail-Adresse (Pflichtfeld)<br \/>\n    <span class=\"wpcf7-form-control-wrap your-email\"><input type=\"email\" name=\"your-email\" value=\"\" size=\"40\" class=\"wpcf7-form-control wpcf7-text wpcf7-email wpcf7-validates-as-required wpcf7-validates-as-email\" aria-required=\"true\" aria-invalid=\"false\" \/><\/span> <\/p>\n<p>Betreff<br \/>\n    <span class=\"wpcf7-form-control-wrap your-subject\"><input type=\"text\" name=\"your-subject\" value=\"\" size=\"40\" class=\"wpcf7-form-control wpcf7-text\" aria-invalid=\"false\" \/><\/span> <\/p>\n<p>Ihre Nachricht (Sie k\u00f6nnen das Textfeld durch Ziehen der unteren rechten Ecke vergr\u00f6\u00dfern)<br \/>\n    <span class=\"wpcf7-form-control-wrap your-message\"><textarea name=\"your-message\" cols=\"40\" rows=\"10\" class=\"wpcf7-form-control wpcf7-textarea\" aria-invalid=\"false\"><\/textarea><\/span> <\/p>\n<p><input type=\"submit\" value=\"Senden\" class=\"wpcf7-form-control has-spinner wpcf7-submit\" \/><\/p>\n<div class=\"wpcf7-response-output\" aria-hidden=\"true\"><\/div><\/form><\/div>\n","protected":false},"excerpt":{"rendered":"<p>EDV-Beratung Hartmann Johannes-Mechtel Strasse 3b D-65549 Limburg Tel.:\u00a0 + 49 (0) 6431 \u2013 47575 Fax:\u00a0 + 49 (0) 6431 \u2013 44487 &nbsp; Kontaktformular Haben Sie Fragen oder W\u00fcnsche? \u00dcber Ihre Kontaktaufnahme freuen wir uns. Bitte f\u00fcllen Sie die folgenden Felder aus. Sobald wir Ihre Nachricht erhalten haben, melden wir uns bei Ihnen. Vielen Dank. &nbsp;<\/p>\n","protected":false},"author":1,"featured_media":0,"parent":0,"menu_order":5,"comment_status":"closed","ping_status":"closed","template":"","meta":[],"_links":{"self":[{"href":"https:\/\/www.edv-beratung-hartmann.de\/WP\/index.php?rest_route=\/wp\/v2\/pages\/6"}],"collection":[{"href":"https:\/\/www.edv-beratung-hartmann.de\/WP\/index.php?rest_route=\/wp\/v2\/pages"}],"about":[{"href":"https:\/\/www.edv-beratung-hartmann.de\/WP\/index.php?rest_route=\/wp\/v2\/types\/page"}],"author":[{"embeddable":true,"href":"https:\/\/www.edv-beratung-hartmann.de\/WP\/index.php?rest_route=\/wp\/v2\/users\/1"}],"replies":[{"embeddable":true,"href":"https:\/\/www.edv-beratung-hartmann.de\/WP\/index.php?rest_route=%2Fwp%2Fv2%2Fcomments&post=6"}],"version-history":[{"count":16,"href":"https:\/\/www.edv-beratung-hartmann.de\/WP\/index.php?rest_route=\/wp\/v2\/pages\/6\/revisions"}],"predecessor-version":[{"id":281,"href":"https:\/\/www.edv-beratung-hartmann.de\/WP\/index.php?rest_route=\/wp\/v2\/pages\/6\/revisions\/281"}],"wp:attachment":[{"href":"https:\/\/www.edv-beratung-hartmann.de\/WP\/index.php?rest_route=%2Fwp%2Fv2%2Fmedia&parent=6"}],"curies":[{"name":"wp","href":"https:\/\/api.w.org\/{rel}","templated":true}]}}